{"id":27,"date":"2025-11-05T10:26:14","date_gmt":"2025-11-05T09:26:14","guid":{"rendered":"https:\/\/diversolegal.pl\/?page_id=27"},"modified":"2025-11-05T10:26:57","modified_gmt":"2025-11-05T09:26:57","slug":"elementor-27","status":"publish","type":"page","link":"https:\/\/diversolegal.pl\/","title":{"rendered":"Elementor #27"},"content":{"rendered":"\t\t<div data-elementor-type=\"wp-page\" data-elementor-id=\"27\" class=\"elementor elementor-27\" data-elementor-post-type=\"page\">\n\t\t\t\t<div class=\"elementor-element elementor-element-6a6bb7c0 e-con-full e-flex e-con e-parent\" data-id=\"6a6bb7c0\" data-element_type=\"container\" data-e-type=\"container\" data-settings=\"{&quot;background_background&quot;:&quot;classic&quot;}\">\n\t\t<div class=\"elementor-element elementor-element-295e7ed1 e-con-full e-flex e-con e-child\" data-id=\"295e7ed1\" data-element_type=\"container\" data-e-type=\"container\" data-settings=\"{&quot;background_background&quot;:&quot;classic&quot;,&quot;shape_divider_bottom&quot;:&quot;tilt&quot;}\">\n\t\t\t\t<div class=\"elementor-shape elementor-shape-bottom\" aria-hidden=\"true\" data-negative=\"false\">\n\t\t\t<svg xmlns=\"http:\/\/www.w3.org\/2000\/svg\" viewBox=\"0 0 1000 100\" preserveAspectRatio=\"none\">\n\t<path class=\"elementor-shape-fill\" d=\"M0,6V0h1000v100L0,6z\"\/>\n<\/svg>\t\t<\/div>\n\t\t<div class=\"elementor-element elementor-element-72e3ee47 e-flex e-con-boxed e-con e-child\" data-id=\"72e3ee47\" data-element_type=\"container\" data-e-type=\"container\">\n\t\t\t\t\t<div class=\"e-con-inner\">\n\t\t\t\t<div class=\"elementor-element elementor-element-d6d19dc elementor-widget__width-initial elementor-widget elementor-widget-image\" data-id=\"d6d19dc\" data-element_type=\"widget\" data-e-type=\"widget\" data-widget_type=\"image.default\">\n\t\t\t\t\t\t\t\t\t\t\t\t\t\t\t<img fetchpriority=\"high\" decoding=\"async\" width=\"768\" height=\"276\" src=\"https:\/\/diversolegal.pl\/wp-content\/uploads\/2025\/11\/DIVERSO_LEGAL_LOGO_ZNAK_WODNY_4-scaled-1-768x276.png\" class=\"attachment-medium_large size-medium_large wp-image-12\" alt=\"\" srcset=\"https:\/\/diversolegal.pl\/wp-content\/uploads\/2025\/11\/DIVERSO_LEGAL_LOGO_ZNAK_WODNY_4-scaled-1-768x276.png 768w, https:\/\/diversolegal.pl\/wp-content\/uploads\/2025\/11\/DIVERSO_LEGAL_LOGO_ZNAK_WODNY_4-scaled-1-300x108.png 300w, https:\/\/diversolegal.pl\/wp-content\/uploads\/2025\/11\/DIVERSO_LEGAL_LOGO_ZNAK_WODNY_4-scaled-1-1024x368.png 1024w, https:\/\/diversolegal.pl\/wp-content\/uploads\/2025\/11\/DIVERSO_LEGAL_LOGO_ZNAK_WODNY_4-scaled-1-1536x552.png 1536w, https:\/\/diversolegal.pl\/wp-content\/uploads\/2025\/11\/DIVERSO_LEGAL_LOGO_ZNAK_WODNY_4-scaled-1-2048x736.png 2048w\" sizes=\"(max-width: 768px) 100vw, 768px\" \/>\t\t\t\t\t\t\t\t\t\t\t\t\t\t\t<\/div>\n\t\t\t\t\t<\/div>\n\t\t\t\t<\/div>\n\t\t<div class=\"elementor-element elementor-element-6dd0f1ef e-flex e-con-boxed e-con e-child\" data-id=\"6dd0f1ef\" data-element_type=\"container\" data-e-type=\"container\">\n\t\t\t\t\t<div class=\"e-con-inner\">\n\t\t\t\t<div class=\"elementor-element elementor-element-527c24e3 elementor-widget elementor-widget-heading\" data-id=\"527c24e3\" data-element_type=\"widget\" data-e-type=\"widget\" data-widget_type=\"heading.default\">\n\t\t\t\t\t<h2 class=\"elementor-heading-title elementor-size-default\">tutaj pojawi si\u0119 nasza<\/h2>\t\t\t\t<\/div>\n\t\t\t\t<div class=\"elementor-element elementor-element-41826901 elementor-widget elementor-widget-heading\" data-id=\"41826901\" data-element_type=\"widget\" data-e-type=\"widget\" data-widget_type=\"heading.default\">\n\t\t\t\t\t<h2 class=\"elementor-heading-title elementor-size-default\">strona internetowa<\/h2>\t\t\t\t<\/div>\n\t\t\t\t<div class=\"elementor-element elementor-element-13c20580 elementor-widget elementor-widget-heading\" data-id=\"13c20580\" data-element_type=\"widget\" data-e-type=\"widget\" data-widget_type=\"heading.default\">\n\t\t\t\t\t<h2 class=\"elementor-heading-title elementor-size-default\">zapraszamy wkr\u00f3tce<\/h2>\t\t\t\t<\/div>\n\t\t\t\t<div class=\"elementor-element elementor-element-442870a9 elementor-widget elementor-widget-text-editor\" data-id=\"442870a9\" data-element_type=\"widget\" data-e-type=\"widget\" data-widget_type=\"text-editor.default\">\n\t\t\t\t\t\t\t\t\t<p>Jeste\u015bmy zespo\u0142em m\u0142odych prawnik\u00f3w z do\u015bwiadczeniem, specjalizuj\u0105cych si\u0119 w kompleksowej obs\u0142udze biznesu krajowego i zagranicznego.<\/p><p>Wyr\u00f3\u017cnia nas kreatywne podej\u015bcie do problem\u00f3w, zrozumienie biznesowych aspekt\u00f3w dzia\u0142alno\u015bci i wysokie umiej\u0119tno\u015bci oceny ryzyk i dostosowania rozwi\u0105za\u0144 do potrzeb Klient\u00f3w.<\/p>\t\t\t\t\t\t\t\t<\/div>\n\t\t\t\t<div class=\"elementor-element elementor-element-65974794 elementor-align-center elementor-widget-tablet__width-inherit elementor-widget elementor-widget-button\" data-id=\"65974794\" data-element_type=\"widget\" data-e-type=\"widget\" data-widget_type=\"button.default\">\n\t\t\t\t\t\t\t\t\t\t<a class=\"elementor-button elementor-button-link elementor-size-sm\" href=\"mailto:kontakt@diversolegal.pl\">\n\t\t\t\t\t\t<span class=\"elementor-button-content-wrapper\">\n\t\t\t\t\t\t\t\t\t<span class=\"elementor-button-text\">KONTAKT<\/span>\n\t\t\t\t\t<\/span>\n\t\t\t\t\t<\/a>\n\t\t\t\t\t\t\t\t<\/div>\n\t\t\t\t\t<\/div>\n\t\t\t\t<\/div>\n\t\t\t\t<\/div>\n\t\t<div class=\"elementor-element elementor-element-1afd160d e-con-full e-flex e-con e-child\" data-id=\"1afd160d\" data-element_type=\"container\" data-e-type=\"container\">\n\t\t<div class=\"elementor-element elementor-element-2bc144d9 e-con-full e-flex e-con e-child\" data-id=\"2bc144d9\" data-element_type=\"container\" data-e-type=\"container\">\n\t\t\t\t<div class=\"elementor-element elementor-element-4980a62e elementor-widget elementor-widget-heading\" data-id=\"4980a62e\" data-element_type=\"widget\" data-e-type=\"widget\" data-widget_type=\"heading.default\">\n\t\t\t\t\t<h2 class=\"elementor-heading-title elementor-size-default\"><a href=\"https:\/\/maps.app.goo.gl\/f3f4SnxAL8gbEyrM8?g_st=com.google.maps.preview.copy\">\u017belazna 59 lok. 5.3, 00-848 Warszawa<\/a><\/h2>\t\t\t\t<\/div>\n\t\t\t\t<\/div>\n\t\t<div class=\"elementor-element elementor-element-333ec211 e-con-full elementor-hidden-mobile e-flex e-con e-child\" data-id=\"333ec211\" data-element_type=\"container\" data-e-type=\"container\">\n\t\t\t\t<div class=\"elementor-element elementor-element-4ce238ce elementor-widget elementor-widget-heading\" data-id=\"4ce238ce\" data-element_type=\"widget\" data-e-type=\"widget\" data-widget_type=\"heading.default\">\n\t\t\t\t\t<h2 class=\"elementor-heading-title elementor-size-default\">|<\/h2>\t\t\t\t<\/div>\n\t\t\t\t<\/div>\n\t\t<div class=\"elementor-element elementor-element-2d0f8a0c e-con-full e-flex e-con e-child\" data-id=\"2d0f8a0c\" data-element_type=\"container\" data-e-type=\"container\">\n\t\t\t\t<div class=\"elementor-element elementor-element-48d321ee elementor-widget elementor-widget-heading\" data-id=\"48d321ee\" data-element_type=\"widget\" data-e-type=\"widget\" data-widget_type=\"heading.default\">\n\t\t\t\t\t<h2 class=\"elementor-heading-title elementor-size-default\">kontakt@diversolegal.pl<\/h2>\t\t\t\t<\/div>\n\t\t\t\t<\/div>\n\t\t\t\t<\/div>\n\t\t\t\t<\/div>\n\t\t\t\t<\/div>\n\t\t","protected":false},"excerpt":{"rendered":"<p>tutaj pojawi si\u0119 nasza strona internetowa zapraszamy wkr\u00f3tce Jeste\u015bmy zespo\u0142em m\u0142odych prawnik\u00f3w z do\u015bwiadczeniem, specjalizuj\u0105cych si\u0119 w kompleksowej obs\u0142udze biznesu krajowego i zagranicznego. Wyr\u00f3\u017cnia nas kreatywne podej\u015bcie do problem\u00f3w, zrozumienie biznesowych aspekt\u00f3w dzia\u0142alno\u015bci i wysokie umiej\u0119tno\u015bci oceny ryzyk i dostosowania rozwi\u0105za\u0144 do potrzeb Klient\u00f3w. KONTAKT \u017belazna 59 lok. 5.3, 00-848 Warszawa | kontakt@diversolegal.pl<\/p>\n","protected":false},"author":1,"featured_media":0,"parent":0,"menu_order":0,"comment_status":"closed","ping_status":"closed","template":"elementor_canvas","meta":{"inline_featured_image":false,"footnotes":""},"class_list":["post-27","page","type-page","status-publish","hentry"],"_links":{"self":[{"href":"https:\/\/diversolegal.pl\/index.php?rest_route=\/wp\/v2\/pages\/27","targetHints":{"allow":["GET"]}}],"collection":[{"href":"https:\/\/diversolegal.pl\/index.php?rest_route=\/wp\/v2\/pages"}],"about":[{"href":"https:\/\/diversolegal.pl\/index.php?rest_route=\/wp\/v2\/types\/page"}],"author":[{"embeddable":true,"href":"https:\/\/diversolegal.pl\/index.php?rest_route=\/wp\/v2\/users\/1"}],"replies":[{"embeddable":true,"href":"https:\/\/diversolegal.pl\/index.php?rest_route=%2Fwp%2Fv2%2Fcomments&post=27"}],"version-history":[{"count":13,"href":"https:\/\/diversolegal.pl\/index.php?rest_route=\/wp\/v2\/pages\/27\/revisions"}],"predecessor-version":[{"id":40,"href":"https:\/\/diversolegal.pl\/index.php?rest_route=\/wp\/v2\/pages\/27\/revisions\/40"}],"wp:attachment":[{"href":"https:\/\/diversolegal.pl\/index.php?rest_route=%2Fwp%2Fv2%2Fmedia&parent=27"}],"curies":[{"name":"wp","href":"https:\/\/api.w.org\/{rel}","templated":true}]}}